{"id":3685,"date":"2021-11-22T14:40:39","date_gmt":"2021-11-22T13:40:39","guid":{"rendered":"https:\/\/www.ctskis.fr\/?post_type=product&#038;p=3685"},"modified":"2021-12-20T12:23:04","modified_gmt":"2021-12-20T11:23:04","slug":"tour-de-cou","status":"publish","type":"product","link":"https:\/\/www.ctskis.fr\/en\/shop\/tour-de-cou\/","title":{"rendered":"Tour de cou"},"content":{"rendered":"<p>Skiez styl\u00e9s mais prot\u00e9g\u00e9s ! Avec notre nouveau tour du cou masque anti Covid ! M\u00ealant la forme d&#8217;un tour de cou classique \u00e0 la d\u00e9coupe d&#8217;un masque sur le visage, sa filtration est garantie (50 lavages) et il peut donc se substituer au port d&#8217;un masque classique.<\/p>\n<p><strong>L&#8217;astuce :<\/strong> le tour de cou est REVERSIBLE verticalement, possibilit\u00e9 de passer d&#8217;un dessin \u00e0 l&#8217;autre pour b\u00e9n\u00e9ficier de 4h de filtration suppl\u00e9mentaires.<\/p>\n<p>Masque ergonomique sans coutures. <strong>Fabriqu\u00e9 en FRANCE.<\/strong><br \/>\nComposition : Maille gratt\u00e9e, 85% polyester, 15% \u00e9lasthane. TAILLE UNIQUE.<\/p>\n<p><strong>Domaine d\u2019utilisation\u00a0:\u00a0<\/strong>Ce masque est destin\u00e9 au milieu professionnel ou grand public et est exclusivement r\u00e9serv\u00e9 \u00e0 des usages non sanitaires. Il est destin\u00e9 \u00e0 pr\u00e9venir les projections de gouttelettes. L\u2019utilisation de ce masque s\u2019inscrit dans la stricte application des mesures li\u00e9es au confinement, des mesures d\u2019organisation du travail ainsi que des gestes barri\u00e8res. Ce masque \u00e0 vis\u00e9e collective est destin\u00e9 \u00e0 prot\u00e9ger l\u2019ensemble d\u2019un groupe portant ces masques dans le cadre de leur activit\u00e9 professionnelle. Ce masque est port\u00e9 par des personnes ayant des contacts professionnels occasionnels avec d\u2019autres coll\u00e8gues (entreprise, service, bureau). Il n\u2019est pas destin\u00e9 \u00e0 \u00eatre utilis\u00e9 par les personnels soignants au contact des patients. Ce masque pourra \u00eatre indiff\u00e9remment propos\u00e9 aux professionnels ou au grand public.<\/p>\n<p><strong>Performances :\u00a0<\/strong>Protocole d\u2019essais d\u00e9crit dans le document DGA du 25 mars 2020<br \/>\nMasque cat\u00e9gorie 2<br \/>\nEfficacit\u00e9 de filtration des particules de 3 \u03bcm : &gt; 70%<br \/>\nRespirabilit\u00e9 : essai de perm\u00e9abilit\u00e9 \u00e0 l\u2019air &gt; 96 L.\/m2.s-1 pour une d\u00e9pression de 100 Pa<br \/>\nMat\u00e9riau dont les performances ont \u00e9t\u00e9 mesur\u00e9es par les laboratoires de DGA Ma\u00eetrise NRBC, 5 rue Lavoisier, 91710 Vert-le-Petit (rapport RP\/20- 6052\/DGA MNRBC\/2000305\/NP \u2013 16\/06\/2020) et qui supporte 50 lavages (rapport RP\/20 -6052\/DGA MNRBC\/2000305\/NP \u2013 16\/06\/2020)<br \/>\nApr\u00e8s 50 lavages, le mat\u00e9riau pr\u00e9sente une perm\u00e9abilit\u00e9 \u00e0 l\u2019air ainsi que des performances en efficacit\u00e9 de protection aux a\u00e9rosols de 3 \u03bcm compatibles avec un usage de type masque de cat\u00e9gorie 1 (Efficacit\u00e9 de filtration des particules de 3 \u03bcm : &gt; 90%)<br \/>\nMasque test\u00e9 sur porteur pendant 4 heures par Boldoduc<\/p>\n<p><strong>Contexte d\u2019utilisation :<\/strong> ce masque est strictement adapt\u00e9 \u00e0 la crise sanitaire li\u00e9e au COVID 19.<\/p>\n","protected":false},"excerpt":{"rendered":"<p>Skiez styl\u00e9s mais prot\u00e9g\u00e9s ! Avec notre nouveau tour du cou masque anti Covid ! M\u00ealant la forme d&#8217;un tour de cou classique \u00e0 la d\u00e9coupe d&#8217;un masque sur le visage, sa filtration est garantie (50 lavages) et il peut donc se substituer au port d&#8217;un masque classique. L&#8217;astuce : le tour de cou est&hellip;<\/p>\n","protected":false},"featured_media":3686,"template":"","meta":{"kt_blocks_editor_width":""},"product_cat":[79],"product_tag":[],"composite_virtual":false,"composite_layout":"","composite_add_to_cart_form_location":"","composite_editable_in_cart":false,"composite_sold_individually_context":"","composite_shop_price_calc":"","composite_components":[],"composite_scenarios":[],"yoast_head":"<!-- This site is optimized with the Yoast SEO plugin v17.5 - https:\/\/yoast.com\/wordpress\/plugins\/seo\/ -->\n<title>Tour de cou - CTSKIS<\/title>\n<meta name=\"robots\" content=\"index, follow, max-snippet:-1, max-image-preview:large, max-video-preview:-1\" \/>\n<link rel=\"canonical\" href=\"https:\/\/www.ctskis.fr\/en\/shop\/tour-de-cou\/\" \/>\n<meta property=\"og:locale\" content=\"en_US\" \/>\n<meta property=\"og:type\" content=\"article\" \/>\n<meta property=\"og:title\" content=\"Tour de cou - CTSKIS\" \/>\n<meta property=\"og:description\" content=\"Skiez styl\u00e9s mais prot\u00e9g\u00e9s ! Avec notre nouveau tour du cou masque anti Covid ! M\u00ealant la forme d&#8217;un tour de cou classique \u00e0 la d\u00e9coupe d&#8217;un masque sur le visage, sa filtration est garantie (50 lavages) et il peut donc se substituer au port d&#8217;un masque classique. L&#8217;astuce : le tour de cou est&hellip;\" \/>\n<meta property=\"og:url\" content=\"https:\/\/www.ctskis.fr\/shop\/tour-de-cou\/\" \/>\n<meta property=\"og:site_name\" content=\"CTSKIS\" \/>\n<meta property=\"article:modified_time\" content=\"2021-12-20T11:23:04+00:00\" \/>\n<meta property=\"og:image\" content=\"https:\/\/www.ctskis.fr\/wp-content\/uploads\/2021\/11\/tour-de-cou-1.jpg\" \/>\n\t<meta property=\"og:image:width\" content=\"768\" \/>\n\t<meta property=\"og:image:height\" content=\"1024\" \/>\n<meta name=\"twitter:card\" content=\"summary_large_image\" \/>\n<meta name=\"twitter:label1\" content=\"Est. reading time\" \/>\n\t<meta name=\"twitter:data1\" content=\"2 minutes\" \/>\n<script type=\"application\/ld+json\" class=\"yoast-schema-graph\">{\"@context\":\"https:\/\/schema.org\",\"@graph\":[{\"@type\":\"Organization\",\"@id\":\"https:\/\/www.ctskis.fr\/#organization\",\"name\":\"CTSKIS Create Yours\",\"url\":\"https:\/\/www.ctskis.fr\/\",\"sameAs\":[],\"logo\":{\"@type\":\"ImageObject\",\"@id\":\"https:\/\/www.ctskis.fr\/#logo\",\"inLanguage\":\"en-US\",\"url\":\"https:\/\/www.ctskis.fr\/wp-content\/uploads\/2021\/09\/CTskis-logo.png\",\"contentUrl\":\"https:\/\/www.ctskis.fr\/wp-content\/uploads\/2021\/09\/CTskis-logo.png\",\"width\":350,\"height\":164,\"caption\":\"CTSKIS Create Yours\"},\"image\":{\"@id\":\"https:\/\/www.ctskis.fr\/#logo\"}},{\"@type\":\"WebSite\",\"@id\":\"https:\/\/www.ctskis.fr\/#website\",\"url\":\"https:\/\/www.ctskis.fr\/\",\"name\":\"CTSKIS\",\"description\":\"Des skis performants en s\\u00e9rie ultra limit\\u00e9e\",\"publisher\":{\"@id\":\"https:\/\/www.ctskis.fr\/#organization\"},\"potentialAction\":[{\"@type\":\"SearchAction\",\"target\":{\"@type\":\"EntryPoint\",\"urlTemplate\":\"https:\/\/www.ctskis.fr\/?s={search_term_string}\"},\"query-input\":\"required name=search_term_string\"}],\"inLanguage\":\"en-US\"},{\"@type\":\"ImageObject\",\"@id\":\"https:\/\/www.ctskis.fr\/shop\/tour-de-cou\/#primaryimage\",\"inLanguage\":\"en-US\",\"url\":\"https:\/\/www.ctskis.fr\/wp-content\/uploads\/2021\/11\/tour-de-cou-1.jpg\",\"contentUrl\":\"https:\/\/www.ctskis.fr\/wp-content\/uploads\/2021\/11\/tour-de-cou-1.jpg\",\"width\":768,\"height\":1024},{\"@type\":\"WebPage\",\"@id\":\"https:\/\/www.ctskis.fr\/shop\/tour-de-cou\/#webpage\",\"url\":\"https:\/\/www.ctskis.fr\/shop\/tour-de-cou\/\",\"name\":\"Tour de cou - CTSKIS\",\"isPartOf\":{\"@id\":\"https:\/\/www.ctskis.fr\/#website\"},\"primaryImageOfPage\":{\"@id\":\"https:\/\/www.ctskis.fr\/shop\/tour-de-cou\/#primaryimage\"},\"datePublished\":\"2021-11-22T13:40:39+00:00\",\"dateModified\":\"2021-12-20T11:23:04+00:00\",\"breadcrumb\":{\"@id\":\"https:\/\/www.ctskis.fr\/shop\/tour-de-cou\/#breadcrumb\"},\"inLanguage\":\"en-US\",\"potentialAction\":[{\"@type\":\"ReadAction\",\"target\":[\"https:\/\/www.ctskis.fr\/shop\/tour-de-cou\/\"]}]},{\"@type\":\"BreadcrumbList\",\"@id\":\"https:\/\/www.ctskis.fr\/shop\/tour-de-cou\/#breadcrumb\",\"itemListElement\":[{\"@type\":\"ListItem\",\"position\":1,\"name\":\"Accueil\",\"item\":\"https:\/\/www.ctskis.fr\/en\/\"},{\"@type\":\"ListItem\",\"position\":2,\"name\":\"Shop\",\"item\":\"https:\/\/www.ctskis.fr\/en\/?page_id=1711\"},{\"@type\":\"ListItem\",\"position\":3,\"name\":\"Tour de cou\"}]}]}<\/script>\n<!-- \/ Yoast SEO plugin. -->","yoast_head_json":{"title":"Tour de cou - CTSKIS","robots":{"index":"index","follow":"follow","max-snippet":"max-snippet:-1","max-image-preview":"max-image-preview:large","max-video-preview":"max-video-preview:-1"},"canonical":"https:\/\/www.ctskis.fr\/en\/shop\/tour-de-cou\/","og_locale":"en_US","og_type":"article","og_title":"Tour de cou - CTSKIS","og_description":"Skiez styl\u00e9s mais prot\u00e9g\u00e9s ! Avec notre nouveau tour du cou masque anti Covid ! M\u00ealant la forme d&#8217;un tour de cou classique \u00e0 la d\u00e9coupe d&#8217;un masque sur le visage, sa filtration est garantie (50 lavages) et il peut donc se substituer au port d&#8217;un masque classique. L&#8217;astuce : le tour de cou est&hellip;","og_url":"https:\/\/www.ctskis.fr\/shop\/tour-de-cou\/","og_site_name":"CTSKIS","article_modified_time":"2021-12-20T11:23:04+00:00","og_image":[{"width":768,"height":1024,"url":"https:\/\/www.ctskis.fr\/wp-content\/uploads\/2021\/11\/tour-de-cou-1.jpg","type":"image\/jpeg"}],"twitter_card":"summary_large_image","twitter_misc":{"Est. reading time":"2 minutes"},"schema":{"@context":"https:\/\/schema.org","@graph":[{"@type":"Organization","@id":"https:\/\/www.ctskis.fr\/#organization","name":"CTSKIS Create Yours","url":"https:\/\/www.ctskis.fr\/","sameAs":[],"logo":{"@type":"ImageObject","@id":"https:\/\/www.ctskis.fr\/#logo","inLanguage":"en-US","url":"https:\/\/www.ctskis.fr\/wp-content\/uploads\/2021\/09\/CTskis-logo.png","contentUrl":"https:\/\/www.ctskis.fr\/wp-content\/uploads\/2021\/09\/CTskis-logo.png","width":350,"height":164,"caption":"CTSKIS Create Yours"},"image":{"@id":"https:\/\/www.ctskis.fr\/#logo"}},{"@type":"WebSite","@id":"https:\/\/www.ctskis.fr\/#website","url":"https:\/\/www.ctskis.fr\/","name":"CTSKIS","description":"Des skis performants en s\u00e9rie ultra limit\u00e9e","publisher":{"@id":"https:\/\/www.ctskis.fr\/#organization"},"potentialAction":[{"@type":"SearchAction","target":{"@type":"EntryPoint","urlTemplate":"https:\/\/www.ctskis.fr\/?s={search_term_string}"},"query-input":"required name=search_term_string"}],"inLanguage":"en-US"},{"@type":"ImageObject","@id":"https:\/\/www.ctskis.fr\/shop\/tour-de-cou\/#primaryimage","inLanguage":"en-US","url":"https:\/\/www.ctskis.fr\/wp-content\/uploads\/2021\/11\/tour-de-cou-1.jpg","contentUrl":"https:\/\/www.ctskis.fr\/wp-content\/uploads\/2021\/11\/tour-de-cou-1.jpg","width":768,"height":1024},{"@type":"WebPage","@id":"https:\/\/www.ctskis.fr\/shop\/tour-de-cou\/#webpage","url":"https:\/\/www.ctskis.fr\/shop\/tour-de-cou\/","name":"Tour de cou - CTSKIS","isPartOf":{"@id":"https:\/\/www.ctskis.fr\/#website"},"primaryImageOfPage":{"@id":"https:\/\/www.ctskis.fr\/shop\/tour-de-cou\/#primaryimage"},"datePublished":"2021-11-22T13:40:39+00:00","dateModified":"2021-12-20T11:23:04+00:00","breadcrumb":{"@id":"https:\/\/www.ctskis.fr\/shop\/tour-de-cou\/#breadcrumb"},"inLanguage":"en-US","potentialAction":[{"@type":"ReadAction","target":["https:\/\/www.ctskis.fr\/shop\/tour-de-cou\/"]}]},{"@type":"BreadcrumbList","@id":"https:\/\/www.ctskis.fr\/shop\/tour-de-cou\/#breadcrumb","itemListElement":[{"@type":"ListItem","position":1,"name":"Accueil","item":"https:\/\/www.ctskis.fr\/en\/"},{"@type":"ListItem","position":2,"name":"Shop","item":"https:\/\/www.ctskis.fr\/en\/?page_id=1711"},{"@type":"ListItem","position":3,"name":"Tour de cou"}]}]}},"_links":{"self":[{"href":"https:\/\/www.ctskis.fr\/en\/wp-json\/wp\/v2\/product\/3685"}],"collection":[{"href":"https:\/\/www.ctskis.fr\/en\/wp-json\/wp\/v2\/product"}],"about":[{"href":"https:\/\/www.ctskis.fr\/en\/wp-json\/wp\/v2\/types\/product"}],"wp:featuredmedia":[{"embeddable":true,"href":"https:\/\/www.ctskis.fr\/en\/wp-json\/wp\/v2\/media\/3686"}],"wp:attachment":[{"href":"https:\/\/www.ctskis.fr\/en\/wp-json\/wp\/v2\/media?parent=3685"}],"wp:term":[{"taxonomy":"product_cat","embeddable":true,"href":"https:\/\/www.ctskis.fr\/en\/wp-json\/wp\/v2\/product_cat?post=3685"},{"taxonomy":"product_tag","embeddable":true,"href":"https:\/\/www.ctskis.fr\/en\/wp-json\/wp\/v2\/product_tag?post=3685"}],"curies":[{"name":"wp","href":"https:\/\/api.w.org\/{rel}","templated":true}]}}