{"id":1878,"date":"2021-09-15T14:25:25","date_gmt":"2021-09-15T12:25:25","guid":{"rendered":"https:\/\/www.ctskis.fr\/politique-de-cookie\/"},"modified":"2021-12-09T16:49:04","modified_gmt":"2021-12-09T15:49:04","slug":"politique-de-cookie","status":"publish","type":"page","link":"https:\/\/www.ctskis.fr\/en\/politique-de-cookie\/","title":{"rendered":"Cookie Policy"},"content":{"rendered":"\n<p>This website and its mobile applications (hereafter altogether referred to as the \u201cPlatform\u201d) use a variety of cookies. These are identifiers such as session cookies, persistent cookies, technical cookies, authentication cookies, flash cookies, customization cookies, analytical cookies and third-party cookies. If you prefer not to receive cookies, you can delete or disable cookies in the settings of your browser. However, we would like to remind you that this might affect the use of the Platform. Unless you change the cookie settings in your browser, it will be assumed that you accept the use of cookies in this Platform.<\/p>\n\n\n\n<p><strong>COOKIES USED IN THIS PLATFORM<\/strong><\/p>\n\n\n\n<p><strong><strong>What Are Cookies and What Are They Used For?<\/strong><\/strong><\/p>\n\n\n\n<p>Cookies are small text files stored on your device or network server by the websites you visit through the browsers you use. For more information on cookies, you can visit&nbsp;<a href=\"http:\/\/www.aboutcookies.org\/\" target=\"_blank\" rel=\"noreferrer noopener\">http:\/\/www.aboutcookies.org\/<\/a>&nbsp;and&nbsp;<a href=\"http:\/\/www.allaboutcookies.org\/\" target=\"_blank\" rel=\"noreferrer noopener\">http:\/\/www.allaboutcookies.org\/<\/a>.&nbsp;<br>The primary objectives of using cookies in the Platform are as follows:<\/p>\n\n\n\n<ul><li>Improve services provided to you by increasing the functionality and performance of the Platform;<\/li><li>Improve the Platform and offer new features through the Platform and customize offered features according to your preference;<\/li><li>Ensure the legal and commercial security of the Platform, you and Vakko Organizations.<\/li><\/ul>\n\n\n\n<p><strong>The Duration of Cookies Used in the Platformte-forme<\/strong><\/p>\n\n\n\n<figure class=\"wp-block-table\"><table><tbody><tr><td>Session Cookies<\/td><td>Session cookies are temporary cookies that are used when our visitors visit the Platform and are deleted once the browser is closed.<br>The main objective of such cookies is to ensure that the Platform runs smoothly throughout your visit.<br>For instance, it helps you fill out online forms that consist of more than one page.<\/td><\/tr><tr><td>Persistent Cookies<\/td><td>Persistent cookies are cookies that are used to increase the functionality of the Platform, and deliver a faster and better service to our visitors.<br>These cookies are used to remember your preferences and are stored on your device through the browsers you use.<br>Some types of persistent cookies can be used to offer you customized suggestions based on factors such as your intended use of the Platform.<br>Thanks to persistent cookies, if you visit the Platform on the same device, the system checks whether there are cookies created on your device by the Platform, and if there are any, this indicates that you have visited the Platform before, and the content to be delivered to you is identified accordingly, resulting in a better service for you.<\/td><\/tr><\/tbody><\/table><\/figure>\n\n\n\n<p><strong>Categories of Cookies Used in the Platform<\/strong><\/p>\n\n\n\n<figure class=\"wp-block-table\"><table><tbody><tr><td>Technical Cookies<\/td><td>Technical cookies ensure that the Platform works, and help identify pages and fields of the Platform that do not work.<\/td><\/tr><tr><td>Authentication Cookies<\/td><td>If visitors log into the Platform using their password, these cookies help identify on each page visited that the visitor is a Platform user, thus preventing the user of having to re-enter their password on every page.<\/td><\/tr><tr><td>Flash Cookies<\/td><td>These are the cookies used to enable visual or audio content present in the Platform.<\/td><\/tr><tr><td>Customization Cookies<\/td><td>These are cookies used to remember user preferences on different pages of the website. Remembering your language selection is an example.<\/td><\/tr><tr><td>Analytical Cookies<\/td><td>Analytical cookies help to produce analytical results by identifying the number of visitors in the Platform, the pages viewed in the Platform, Platform visiting hours, scrolling activity on the page, etc.<\/td><\/tr><\/tbody><\/table><\/figure>\n\n\n\n<p><strong>Cookies Used in the Platform<\/strong><\/p>\n\n\n\n<figure class=\"wp-block-table\"><table><tbody><tr><td><strong>Cookies<\/strong><\/td><td><strong><strong>Description, Duration and Preferences<\/strong><\/strong><\/td><\/tr><tr><td><strong><strong>Analytical Cookies<\/strong><\/strong><\/td><\/tr><tr><td>Publicit\u00e9<\/td><td>Ils sont utilis\u00e9s pour montrer des annonces li\u00e9es aux comportements et cibl\u00e9es aux visiteurs.<br>6 mois \u00e0 compter de la premi\u00e8re tranche ou de la derni\u00e8re mise \u00e0 jour du cookie.<br>Il est possible de les accepter ou de les refuser dans les param\u00e8tres de votre navigateur.<\/td><\/tr><tr><td>Analyse de march\u00e9<\/td><td>Ils sont utilis\u00e9s pour effectuer des analyses de march\u00e9.<br>360 jours \u00e0 compter du premier versement ou de la derni\u00e8re mise \u00e0 jour du cookie.<br>Il est possible de les accepter ou de les refuser dans les param\u00e8tres de votre navigateur.<\/td><\/tr><tr><td>Promotions<\/td><td>Ils sont utilis\u00e9s pour calculer l&#8217;impact des campagnes.<br>360 jours \u00e0 compter du premier versement ou de la derni\u00e8re mise \u00e0 jour du cookie.<br>Il est possible de les accepter ou de les refuser dans les param\u00e8tres de votre navigateur.<\/td><\/tr><tr><td>Facebook<\/td><td>Ces cookies sont utilis\u00e9s pour suivre les membres de Facebook (ou non membres) \u00e0 des fins d&#8217;analyse de march\u00e9 et de d\u00e9veloppement de produits.<br>360 jours \u00e0 compter du premier versement ou de la derni\u00e8re mise \u00e0 jour du cookie.<br>Il est possible de les accepter ou de les refuser dans les param\u00e8tres de votre navigateur.<\/td><\/tr><tr><td>Google analytique<\/td><td>Ces cookies servent \u00e0 collecter toutes sortes de donn\u00e9es statistiques, am\u00e9liorant ainsi la livraison et l&#8217;utilisation de la Plate-forme. Google nous aide \u00e0 mieux comprendre les utilisateurs en ajoutant des statistiques sociales et des donn\u00e9es relatives aux int\u00e9r\u00eats.<br>La plate-forme utilise les cookies de Google Analytics. Les donn\u00e9es collect\u00e9es via ces cookies sont transf\u00e9r\u00e9es sur les serveurs de Google aux \u00c9tats-Unis et sont stock\u00e9es conform\u00e9ment aux principes de protection des donn\u00e9es de Google. Pour plus d&#8217;informations sur le traitement des donn\u00e9es analytiques et les principes de protection des donn\u00e9es personnelles de Google, <a href=\"http:\/\/www.google.com\/analytics\/learn\/privacy.html\" target=\"_blank\" rel=\"noreferrer noopener\">cliquez ici<\/a>.<br>50 mois \u00e0 compter de la premi\u00e8re tranche ou de la derni\u00e8re mise \u00e0 jour du cookie.<br>Contr\u00f4le de cookie <a href=\"https:\/\/tools.qooqle.com\/dlpaqe\/qaoptout\" target=\"_blank\" rel=\"noreferrer noopener\">https:\/\/tools.qooqle.com\/&#8230;<\/a><\/td><\/tr><tr><td>Source du site<\/td><td>Le source du site est utilis\u00e9 pour mieux comprendre les pr\u00e9f\u00e9rences des utilisateurs et proposer un contenu connexe.<br>360 jours \u00e0 compter du premier versement ou de la derni\u00e8re mise \u00e0 jour du cookie.<br>Il est possible de les accepter ou de les refuser dans les param\u00e8tres de votre navigateur.<\/td><\/tr><tr><td>Derni\u00e8re visite et activit\u00e9<\/td><td>Celles-ci sont utilis\u00e9es pour informer les utilisateurs de ce qui a chang\u00e9 dans la plate-forme depuis leur derni\u00e8re visite et mieux comprendre leurs pr\u00e9f\u00e9rences.<br>360 jours \u00e0 compter du premier versement ou de la derni\u00e8re mise \u00e0 jour du cookie.<br>Il est possible de les accepter ou de les refuser dans les param\u00e8tres de votre navigateur.<\/td><\/tr><tr><td><strong>Cookies Techniques<\/strong><\/td><\/tr><tr><td>Session<\/td><td>Les cookies de session sont utilis\u00e9s pour assurer la continuit\u00e9 de la session.<br>90 jours \u00e0 compter de la premi\u00e8re tranche ou de la derni\u00e8re mise \u00e0 jour du cookie.<br>Il est possible de les accepter ou de les refuser dans les param\u00e8tres de votre navigateur.<\/td><\/tr><tr><td>L\u2019\u00e9quilibrage<\/td><td>Les cookies d&#8217;\u00e9quilibrage de charge permettent de r\u00e9duire la charge sur le serveur en r\u00e9partissant la charge.<br>30 minutes \u00e0 compter de la premi\u00e8re tranche ou de la derni\u00e8re mise \u00e0 jour du cookie.<br>Il est possible de les accepter ou de les refuser dans les param\u00e8tres de votre navigateur.<\/td><\/tr><tr><td><strong>Cookie d\u2019authentification<\/strong><\/td><\/tr><tr><td>\u0130dentit\u00e9 de l\u2019utilisateur<\/td><td>Les cookies d&#8217;identit\u00e9 d&#8217;utilisateur sont utilis\u00e9s pour garantir que les utilisateurs ne voient que leurs propres informations.<br>360 jours \u00e0 compter du premier versement ou de la derni\u00e8re mise \u00e0 jour du cookie.<br>Il est possible de les accepter ou de les refuser dans les param\u00e8tres de votre navigateur.<\/td><\/tr><\/tbody><\/table><\/figure>\n\n\n\n<p><strong>L&#8217;utilisation de cookies peut-elle \u00eatre bloqu\u00e9e par les propri\u00e9taires de donn\u00e9es?<\/strong><\/p>\n\n\n\n<p>Vous pouvez personnaliser vos pr\u00e9f\u00e9rences en mati\u00e8re de cookies en modifiant les param\u00e8tres de votre navigateur. Si vous d\u00e9sactivez les cookies, certaines fonctionnalit\u00e9s de la plate-forme pourraient perdre leurs fonctionnalit\u00e9s. Votre exp\u00e9rience d\u2019utilisateur dans la plate-forme pourrait \u00eatre affect\u00e9e ou vous ne pourrez peut-\u00eatre pas acc\u00e9der \u00e0 certaines informations personnalis\u00e9es.<\/p>\n\n\n\n<p>Si vous utilisez diff\u00e9rents appareils pour afficher la plate-forme (par exemple, un ordinateur, un smartphone, une tablette PC, etc.), vous devez vous assurer que le navigateur de chaque appareil dispose des param\u00e8tres de cookie conformes \u00e0 vos pr\u00e9f\u00e9rences.<\/p>\n","protected":false},"excerpt":{"rendered":"<p>This website and its mobile applications (hereafter altogether referred to as the \u201cPlatform\u201d) use a variety of cookies. These are identifiers such as session cookies, persistent cookies, technical cookies, authentication cookies, flash cookies, customization cookies, analytical cookies and third-party cookies. If you prefer not to receive cookies, you can delete or disable cookies in the&hellip;<\/p>\n","protected":false},"author":1,"featured_media":0,"parent":0,"menu_order":0,"comment_status":"closed","ping_status":"closed","template":"","meta":{"kt_blocks_editor_width":""},"yoast_head":"<!-- This site is optimized with the Yoast SEO plugin v17.5 - https:\/\/yoast.com\/wordpress\/plugins\/seo\/ -->\n<title>Cookie Policy - CTSKIS<\/title>\n<meta name=\"robots\" content=\"index, follow, max-snippet:-1, max-image-preview:large, max-video-preview:-1\" \/>\n<link rel=\"canonical\" href=\"https:\/\/www.ctskis.fr\/en\/politique-de-cookie\/\" \/>\n<meta property=\"og:locale\" content=\"en_US\" \/>\n<meta property=\"og:type\" content=\"article\" \/>\n<meta property=\"og:title\" content=\"Cookie Policy - CTSKIS\" \/>\n<meta property=\"og:description\" content=\"This website and its mobile applications (hereafter altogether referred to as the \u201cPlatform\u201d) use a variety of cookies. These are identifiers such as session cookies, persistent cookies, technical cookies, authentication cookies, flash cookies, customization cookies, analytical cookies and third-party cookies. If you prefer not to receive cookies, you can delete or disable cookies in the&hellip;\" \/>\n<meta property=\"og:url\" content=\"https:\/\/www.ctskis.fr\/en\/politique-de-cookie\/\" \/>\n<meta property=\"og:site_name\" content=\"CTSKIS\" \/>\n<meta property=\"article:modified_time\" content=\"2021-12-09T15:49:04+00:00\" \/>\n<meta name=\"twitter:card\" content=\"summary_large_image\" \/>\n<meta name=\"twitter:label1\" content=\"Est. reading time\" \/>\n\t<meta name=\"twitter:data1\" content=\"6 minutes\" \/>\n<script type=\"application\/ld+json\" class=\"yoast-schema-graph\">{\"@context\":\"https:\/\/schema.org\",\"@graph\":[{\"@type\":\"Organization\",\"@id\":\"https:\/\/www.ctskis.fr\/#organization\",\"name\":\"CTSKIS Create Yours\",\"url\":\"https:\/\/www.ctskis.fr\/\",\"sameAs\":[],\"logo\":{\"@type\":\"ImageObject\",\"@id\":\"https:\/\/www.ctskis.fr\/#logo\",\"inLanguage\":\"en-US\",\"url\":\"https:\/\/www.ctskis.fr\/wp-content\/uploads\/2021\/09\/CTskis-logo.png\",\"contentUrl\":\"https:\/\/www.ctskis.fr\/wp-content\/uploads\/2021\/09\/CTskis-logo.png\",\"width\":350,\"height\":164,\"caption\":\"CTSKIS Create Yours\"},\"image\":{\"@id\":\"https:\/\/www.ctskis.fr\/#logo\"}},{\"@type\":\"WebSite\",\"@id\":\"https:\/\/www.ctskis.fr\/#website\",\"url\":\"https:\/\/www.ctskis.fr\/\",\"name\":\"CTSKIS\",\"description\":\"Des skis performants en s\\u00e9rie ultra limit\\u00e9e\",\"publisher\":{\"@id\":\"https:\/\/www.ctskis.fr\/#organization\"},\"potentialAction\":[{\"@type\":\"SearchAction\",\"target\":{\"@type\":\"EntryPoint\",\"urlTemplate\":\"https:\/\/www.ctskis.fr\/?s={search_term_string}\"},\"query-input\":\"required name=search_term_string\"}],\"inLanguage\":\"en-US\"},{\"@type\":\"WebPage\",\"@id\":\"https:\/\/www.ctskis.fr\/en\/politique-de-cookie\/#webpage\",\"url\":\"https:\/\/www.ctskis.fr\/en\/politique-de-cookie\/\",\"name\":\"Cookie Policy - CTSKIS\",\"isPartOf\":{\"@id\":\"https:\/\/www.ctskis.fr\/#website\"},\"datePublished\":\"2021-09-15T12:25:25+00:00\",\"dateModified\":\"2021-12-09T15:49:04+00:00\",\"breadcrumb\":{\"@id\":\"https:\/\/www.ctskis.fr\/en\/politique-de-cookie\/#breadcrumb\"},\"inLanguage\":\"en-US\",\"potentialAction\":[{\"@type\":\"ReadAction\",\"target\":[\"https:\/\/www.ctskis.fr\/en\/politique-de-cookie\/\"]}]},{\"@type\":\"BreadcrumbList\",\"@id\":\"https:\/\/www.ctskis.fr\/en\/politique-de-cookie\/#breadcrumb\",\"itemListElement\":[{\"@type\":\"ListItem\",\"position\":1,\"name\":\"Accueil\",\"item\":\"https:\/\/www.ctskis.fr\/en\/\"},{\"@type\":\"ListItem\",\"position\":2,\"name\":\"Cookie Policy\"}]}]}<\/script>\n<!-- \/ Yoast SEO plugin. -->","yoast_head_json":{"title":"Cookie Policy - CTSKIS","robots":{"index":"index","follow":"follow","max-snippet":"max-snippet:-1","max-image-preview":"max-image-preview:large","max-video-preview":"max-video-preview:-1"},"canonical":"https:\/\/www.ctskis.fr\/en\/politique-de-cookie\/","og_locale":"en_US","og_type":"article","og_title":"Cookie Policy - CTSKIS","og_description":"This website and its mobile applications (hereafter altogether referred to as the \u201cPlatform\u201d) use a variety of cookies. These are identifiers such as session cookies, persistent cookies, technical cookies, authentication cookies, flash cookies, customization cookies, analytical cookies and third-party cookies. If you prefer not to receive cookies, you can delete or disable cookies in the&hellip;","og_url":"https:\/\/www.ctskis.fr\/en\/politique-de-cookie\/","og_site_name":"CTSKIS","article_modified_time":"2021-12-09T15:49:04+00:00","twitter_card":"summary_large_image","twitter_misc":{"Est. reading time":"6 minutes"},"schema":{"@context":"https:\/\/schema.org","@graph":[{"@type":"Organization","@id":"https:\/\/www.ctskis.fr\/#organization","name":"CTSKIS Create Yours","url":"https:\/\/www.ctskis.fr\/","sameAs":[],"logo":{"@type":"ImageObject","@id":"https:\/\/www.ctskis.fr\/#logo","inLanguage":"en-US","url":"https:\/\/www.ctskis.fr\/wp-content\/uploads\/2021\/09\/CTskis-logo.png","contentUrl":"https:\/\/www.ctskis.fr\/wp-content\/uploads\/2021\/09\/CTskis-logo.png","width":350,"height":164,"caption":"CTSKIS Create Yours"},"image":{"@id":"https:\/\/www.ctskis.fr\/#logo"}},{"@type":"WebSite","@id":"https:\/\/www.ctskis.fr\/#website","url":"https:\/\/www.ctskis.fr\/","name":"CTSKIS","description":"Des skis performants en s\u00e9rie ultra limit\u00e9e","publisher":{"@id":"https:\/\/www.ctskis.fr\/#organization"},"potentialAction":[{"@type":"SearchAction","target":{"@type":"EntryPoint","urlTemplate":"https:\/\/www.ctskis.fr\/?s={search_term_string}"},"query-input":"required name=search_term_string"}],"inLanguage":"en-US"},{"@type":"WebPage","@id":"https:\/\/www.ctskis.fr\/en\/politique-de-cookie\/#webpage","url":"https:\/\/www.ctskis.fr\/en\/politique-de-cookie\/","name":"Cookie Policy - CTSKIS","isPartOf":{"@id":"https:\/\/www.ctskis.fr\/#website"},"datePublished":"2021-09-15T12:25:25+00:00","dateModified":"2021-12-09T15:49:04+00:00","breadcrumb":{"@id":"https:\/\/www.ctskis.fr\/en\/politique-de-cookie\/#breadcrumb"},"inLanguage":"en-US","potentialAction":[{"@type":"ReadAction","target":["https:\/\/www.ctskis.fr\/en\/politique-de-cookie\/"]}]},{"@type":"BreadcrumbList","@id":"https:\/\/www.ctskis.fr\/en\/politique-de-cookie\/#breadcrumb","itemListElement":[{"@type":"ListItem","position":1,"name":"Accueil","item":"https:\/\/www.ctskis.fr\/en\/"},{"@type":"ListItem","position":2,"name":"Cookie Policy"}]}]}},"featured_image_src":null,"featured_image_src_square":null,"_links":{"self":[{"href":"https:\/\/www.ctskis.fr\/en\/wp-json\/wp\/v2\/pages\/1878"}],"collection":[{"href":"https:\/\/www.ctskis.fr\/en\/wp-json\/wp\/v2\/pages"}],"about":[{"href":"https:\/\/www.ctskis.fr\/en\/wp-json\/wp\/v2\/types\/page"}],"author":[{"embeddable":true,"href":"https:\/\/www.ctskis.fr\/en\/wp-json\/wp\/v2\/users\/1"}],"replies":[{"embeddable":true,"href":"https:\/\/www.ctskis.fr\/en\/wp-json\/wp\/v2\/comments?post=1878"}],"version-history":[{"count":7,"href":"https:\/\/www.ctskis.fr\/en\/wp-json\/wp\/v2\/pages\/1878\/revisions"}],"predecessor-version":[{"id":4065,"href":"https:\/\/www.ctskis.fr\/en\/wp-json\/wp\/v2\/pages\/1878\/revisions\/4065"}],"wp:attachment":[{"href":"https:\/\/www.ctskis.fr\/en\/wp-json\/wp\/v2\/media?parent=1878"}],"curies":[{"name":"wp","href":"https:\/\/api.w.org\/{rel}","templated":true}]}}